{"id":22,"date":"2022-03-30T10:09:55","date_gmt":"2022-03-30T10:09:55","guid":{"rendered":"http:\/\/omny-lab.com\/panier\/"},"modified":"2023-08-28T23:35:00","modified_gmt":"2023-08-28T23:35:00","slug":"panier","status":"publish","type":"page","link":"https:\/\/omny-lab.com\/en\/panier\/","title":{"rendered":"Panier"},"content":{"rendered":"<div data-elementor-type=\"wp-page\" data-elementor-id=\"22\" class=\"elementor elementor-22\" data-elementor-post-type=\"page\">\n\t\t\t\t<div class=\"elementor-element elementor-element-8a2d657 e-flex e-con-boxed e-con e-parent\" data-id=\"8a2d657\" data-element_type=\"container\" data-settings=\"{&quot;background_background&quot;:&quot;classic&quot;,&quot;_ha_eqh_enable&quot;:false}\" data-core-v316-plus=\"true\">\n\t\t\t\t\t<div class=\"e-con-inner\">\n\t\t\t\t<div class=\"elementor-element elementor-element-953e0bb elementor-widget elementor-widget-heading\" data-id=\"953e0bb\" data-element_type=\"widget\" data-widget_type=\"heading.default\">\n\t\t\t\t<div class=\"elementor-widget-container\">\n\t\t\t<style>\/*! elementor - v3.20.0 - 20-03-2024 *\/\n.elementor-heading-title{padding:0;margin:0;line-height:1}.elementor-widget-heading .elementor-heading-title[class*=elementor-size-]>a{color:inherit;font-size:inherit;line-height:inherit}.elementor-widget-heading .elementor-heading-title.elementor-size-small{font-size:15px}.elementor-widget-heading .elementor-heading-title.elementor-size-medium{font-size:19px}.elementor-widget-heading .elementor-heading-title.elementor-size-large{font-size:29px}.elementor-widget-heading .elementor-heading-title.elementor-size-xl{font-size:39px}.elementor-widget-heading .elementor-heading-title.elementor-size-xxl{font-size:59px}<\/style><h1 class=\"elementor-heading-title elementor-size-default\">Your shopping cart<\/h1>\t\t<\/div>\n\t\t\t\t<\/div>\n\t\t\t\t\t<\/div>\n\t\t\t\t<\/div>\n\t\t\t\t<\/div>\n\t\t\n    <div class=\"xs_social_share_widget xs_share_url after_content \t\tmain_content  wslu-style-1 wslu-share-box-shaped wslu-fill-colored wslu-none wslu-share-horizontal wslu-theme-font-no wslu-main_content\">\n\n\t\t\n        <ul>\n\t\t\t        <\/ul>\n    <\/div>","protected":false},"excerpt":{"rendered":"<p>Votre panier Supprimer l\u2019\u00e9l\u00e9ment Miniature Produit Prix Quantit\u00e9 Sous-total &times; Creeds &#8211; Work That 1,20&euro; quantit\u00e9 de Creeds &#8211; Work That 1,20&euro; &times; Bob Omny Lab 25,00&euro; quantit\u00e9 de Bob Omny Lab 25,00&euro; &times; Vortek&#8217;s &#8211; Bring the Rave 1,20&euro; quantit\u00e9 de Vortek&#039;s &#8211; Bring the Rave 1,20&euro; &times; T-shirt Omny Lab Unisexe Taille: M [&hellip;]<\/p>","protected":false},"author":1,"featured_media":0,"parent":0,"menu_order":0,"comment_status":"closed","ping_status":"closed","template":"","meta":{"_acf_changed":false,"footnotes":""},"acf":[],"_links":{"self":[{"href":"https:\/\/omny-lab.com\/en\/wp-json\/wp\/v2\/pages\/22"}],"collection":[{"href":"https:\/\/omny-lab.com\/en\/wp-json\/wp\/v2\/pages"}],"about":[{"href":"https:\/\/omny-lab.com\/en\/wp-json\/wp\/v2\/types\/page"}],"author":[{"embeddable":true,"href":"https:\/\/omny-lab.com\/en\/wp-json\/wp\/v2\/users\/1"}],"replies":[{"embeddable":true,"href":"https:\/\/omny-lab.com\/en\/wp-json\/wp\/v2\/comments?post=22"}],"version-history":[{"count":67,"href":"https:\/\/omny-lab.com\/en\/wp-json\/wp\/v2\/pages\/22\/revisions"}],"predecessor-version":[{"id":11934,"href":"https:\/\/omny-lab.com\/en\/wp-json\/wp\/v2\/pages\/22\/revisions\/11934"}],"wp:attachment":[{"href":"https:\/\/omny-lab.com\/en\/wp-json\/wp\/v2\/media?parent=22"}],"curies":[{"name":"wp","href":"https:\/\/api.w.org\/{rel}","templated":true}]}}