{"id":13135,"date":"2024-05-04T08:00:59","date_gmt":"2024-05-04T08:00:59","guid":{"rendered":"http:\/\/omny-lab.com\/?post_type=product&#038;p=13135"},"modified":"2026-03-03T20:56:53","modified_gmt":"2026-03-03T20:56:53","slug":"t-shirt-spice-up-oversize","status":"publish","type":"product","link":"https:\/\/omny-lab.com\/en\/store\/t-shirt-spice-up-oversize\/","title":{"rendered":"T-Shirt Spice Up! Oversize"},"content":{"rendered":"<div class=\"short-description\">\n<div class=\"short-description-list\">\n<p>COUPE OVERSIZE, PREVOIR 1 TAILLE EN DESSOUS DE VOTRE TAILLE HABITUELLE<\/p>\n<p>The SPICE UP! T-shirt includes a <strong>EXCLUSIVE POUCH<\/strong> Spice Up!<\/p>\n<ul>\n<li>Thick, strong, high-quality fabric<\/li>\n<li>Mounted sleeves<\/li>\n<li>1\u00d71 ribbing on collar<\/li>\n<li>Inside collar liner in the main material<\/li>\n<li>Wide double-needle stitching on sleeves and body<\/li>\n<li>Slightly rougher fabric<\/li>\n<\/ul>\n<p>&nbsp;<\/p>\n<\/div>\n<\/div>\n<div class=\"pim-data-section font-darkest\">\n<div class=\"pim-row\">JERSEY SIMPLE, 100% COTTON &#8211; ORGANIC OPEN END, <strong>240 G\/M\u00b2<\/strong><\/div>\n<div><\/div>\n<\/div>\n<div><\/div>\n<div><img fetchpriority=\"high\" decoding=\"async\" class=\"alignnone wp-image-13232\" src=\"http:\/\/omny-lab.com\/wp-content\/uploads\/2023\/10\/tshirt-freestyler-300x124.png\" alt=\"\" width=\"837\" height=\"346\" srcset=\"https:\/\/omny-lab.com\/wp-content\/uploads\/2023\/10\/tshirt-freestyler-300x124.png 300w, https:\/\/omny-lab.com\/wp-content\/uploads\/2023\/10\/tshirt-freestyler-1024x423.png 1024w, https:\/\/omny-lab.com\/wp-content\/uploads\/2023\/10\/tshirt-freestyler-768x317.png 768w, https:\/\/omny-lab.com\/wp-content\/uploads\/2023\/10\/tshirt-freestyler-18x7.png 18w, https:\/\/omny-lab.com\/wp-content\/uploads\/2023\/10\/tshirt-freestyler-600x248.png 600w, https:\/\/omny-lab.com\/wp-content\/uploads\/2023\/10\/tshirt-freestyler-64x26.png 64w, https:\/\/omny-lab.com\/wp-content\/uploads\/2023\/10\/tshirt-freestyler-190x79.png 190w, https:\/\/omny-lab.com\/wp-content\/uploads\/2023\/10\/tshirt-freestyler-218x90.png 218w, https:\/\/omny-lab.com\/wp-content\/uploads\/2023\/10\/tshirt-freestyler.png 1275w\" sizes=\"(max-width: 837px) 100vw, 837px\" \/><\/div>\n\n    <div class=\"xs_social_share_widget xs_share_url after_content \t\tmain_content  wslu-style-1 wslu-share-box-shaped wslu-fill-colored wslu-none wslu-share-horizontal wslu-theme-font-no wslu-main_content\">\n\n\t\t\n        <ul>\n\t\t\t        <\/ul>\n    <\/div>","protected":false},"excerpt":{"rendered":"<p>COUPE OVERSIZE, PREVOIR 1 TAILLE EN DESSOUS DE VOTRE TAILLE HABITUELLE L&rsquo;ahat d&rsquo;un T-Shirt SPICE UP! inclut un POCHON EXCLUSIF Spice Up! Tissu \u00e9pais, r\u00e9sistant, tr\u00e8s haute qualit\u00e9 Manches mont\u00e9es Bord en c\u00f4tes\u00a01&#215;1 sur col Bande de propret\u00e9 int\u00e9rieur col dans la mati\u00e8re principale Surpiq\u00fbre double large au bas de manches et de corps Tissu [&hellip;]<\/p>","protected":false},"featured_media":13273,"template":"","meta":{"_acf_changed":false},"product_cat":[25],"product_tag":[],"acf":[],"_links":{"self":[{"href":"https:\/\/omny-lab.com\/en\/wp-json\/wp\/v2\/product\/13135"}],"collection":[{"href":"https:\/\/omny-lab.com\/en\/wp-json\/wp\/v2\/product"}],"about":[{"href":"https:\/\/omny-lab.com\/en\/wp-json\/wp\/v2\/types\/product"}],"wp:featuredmedia":[{"embeddable":true,"href":"https:\/\/omny-lab.com\/en\/wp-json\/wp\/v2\/media\/13273"}],"wp:attachment":[{"href":"https:\/\/omny-lab.com\/en\/wp-json\/wp\/v2\/media?parent=13135"}],"wp:term":[{"taxonomy":"product_cat","embeddable":true,"href":"https:\/\/omny-lab.com\/en\/wp-json\/wp\/v2\/product_cat?post=13135"},{"taxonomy":"product_tag","embeddable":true,"href":"https:\/\/omny-lab.com\/en\/wp-json\/wp\/v2\/product_tag?post=13135"}],"curies":[{"name":"wp","href":"https:\/\/api.w.org\/{rel}","templated":true}]}}