{"id":14796,"date":"2024-05-08T16:54:20","date_gmt":"2024-05-08T16:54:20","guid":{"rendered":"https:\/\/omny-lab.com\/?post_type=product&#038;p=14796"},"modified":"2026-04-19T02:07:19","modified_gmt":"2026-04-19T02:07:19","slug":"hoodie-vorteks","status":"publish","type":"product","link":"https:\/\/omny-lab.com\/en\/store\/hoodie-vorteks\/","title":{"rendered":"Hoodie VORTEK&rsquo;S"},"content":{"rendered":"<p><em>Nos mod\u00e8les :<br \/>\n<\/em><strong>\u2640<\/strong><em> @maud.vil, mesure <strong>1m54<\/strong>\u00a0et porte une taille <strong>M<br \/>\n\u2642<\/strong> @turboplusultra, mesure <strong>1m78<\/strong> et porte une taille <strong>M<\/strong><\/em><\/p>\n<ul>\n<li>Manches mont\u00e9es, Capuche doubl\u00e9e dans la mati\u00e8re principale<\/li>\n<li>Cordon de serrage plat ton sur ton avec embout en m\u00e9tal<\/li>\n<li>\u0152illets m\u00e9talliques, Bande de propret\u00e9 \u00e0 l&rsquo;int\u00e9rieur du col avec motif \u00e0 chevrons<\/li>\n<li>Demi-lune \u00e0 l&rsquo;int\u00e9rieur du col dans la mati\u00e8re principale<\/li>\n<li>Surpiq\u00fbre simple \u00e0 l&rsquo;encolure<\/li>\n<li>Bas de manche et bas de corps en bord-c\u00f4tes 2&#215;2<\/li>\n<li>Surpiq\u00fbre double aux emmanchures, bas de manche et bas de corps<\/li>\n<li>Poche kangourou sur l&rsquo;avant<\/li>\n<\/ul>\n<p><img fetchpriority=\"high\" decoding=\"async\" class=\"alignnone wp-image-14738\" src=\"https:\/\/omny-lab.com\/wp-content\/uploads\/2024\/05\/Screenshot-2024-05-04-103035-300x129.png\" alt=\"\" width=\"737\" height=\"317\" srcset=\"https:\/\/omny-lab.com\/wp-content\/uploads\/2024\/05\/Screenshot-2024-05-04-103035-300x129.png 300w, https:\/\/omny-lab.com\/wp-content\/uploads\/2024\/05\/Screenshot-2024-05-04-103035-1024x442.png 1024w, https:\/\/omny-lab.com\/wp-content\/uploads\/2024\/05\/Screenshot-2024-05-04-103035-768x331.png 768w, https:\/\/omny-lab.com\/wp-content\/uploads\/2024\/05\/Screenshot-2024-05-04-103035-1536x662.png 1536w, https:\/\/omny-lab.com\/wp-content\/uploads\/2024\/05\/Screenshot-2024-05-04-103035-18x8.png 18w, https:\/\/omny-lab.com\/wp-content\/uploads\/2024\/05\/Screenshot-2024-05-04-103035-600x259.png 600w, https:\/\/omny-lab.com\/wp-content\/uploads\/2024\/05\/Screenshot-2024-05-04-103035-64x28.png 64w, https:\/\/omny-lab.com\/wp-content\/uploads\/2024\/05\/Screenshot-2024-05-04-103035-190x82.png 190w, https:\/\/omny-lab.com\/wp-content\/uploads\/2024\/05\/Screenshot-2024-05-04-103035-209x90.png 209w\" sizes=\"(max-width: 737px) 100vw, 737px\" \/><\/p>\n\n    <div class=\"xs_social_share_widget xs_share_url after_content \t\tmain_content  wslu-style-1 wslu-share-box-shaped wslu-fill-colored wslu-none wslu-share-horizontal wslu-theme-font-no wslu-main_content\">\n\n\t\t\n        <ul>\n\t\t\t        <\/ul>\n    <\/div>","protected":false},"excerpt":{"rendered":"<p>Nos mod\u00e8les : \u2640 @maud.vil, mesure 1m54\u00a0et porte une taille M \u2642 @turboplusultra, mesure 1m78 et porte une taille M Manches mont\u00e9es, Capuche doubl\u00e9e dans la mati\u00e8re principale Cordon de serrage plat ton sur ton avec embout en m\u00e9tal \u0152illets m\u00e9talliques, Bande de propret\u00e9 \u00e0 l&rsquo;int\u00e9rieur du col avec motif \u00e0 chevrons Demi-lune \u00e0 l&rsquo;int\u00e9rieur [&hellip;]<\/p>","protected":false},"featured_media":14801,"template":"","meta":{"_acf_changed":false},"product_cat":[25],"product_tag":[],"acf":[],"_links":{"self":[{"href":"https:\/\/omny-lab.com\/en\/wp-json\/wp\/v2\/product\/14796"}],"collection":[{"href":"https:\/\/omny-lab.com\/en\/wp-json\/wp\/v2\/product"}],"about":[{"href":"https:\/\/omny-lab.com\/en\/wp-json\/wp\/v2\/types\/product"}],"wp:featuredmedia":[{"embeddable":true,"href":"https:\/\/omny-lab.com\/en\/wp-json\/wp\/v2\/media\/14801"}],"wp:attachment":[{"href":"https:\/\/omny-lab.com\/en\/wp-json\/wp\/v2\/media?parent=14796"}],"wp:term":[{"taxonomy":"product_cat","embeddable":true,"href":"https:\/\/omny-lab.com\/en\/wp-json\/wp\/v2\/product_cat?post=14796"},{"taxonomy":"product_tag","embeddable":true,"href":"https:\/\/omny-lab.com\/en\/wp-json\/wp\/v2\/product_tag?post=14796"}],"curies":[{"name":"wp","href":"https:\/\/api.w.org\/{rel}","templated":true}]}}