{"id":14811,"date":"2024-05-08T17:01:20","date_gmt":"2024-05-08T17:01:20","guid":{"rendered":"https:\/\/omny-lab.com\/?post_type=product&#038;p=14811"},"modified":"2026-04-12T15:24:07","modified_gmt":"2026-04-12T15:24:07","slug":"t-shirt-teksa","status":"publish","type":"product","link":"https:\/\/omny-lab.com\/en\/store\/t-shirt-teksa\/","title":{"rendered":"T-Shirt Oversize TEKSA"},"content":{"rendered":"<p><em>Nos mod\u00e8les :<br \/>\n<\/em><strong>\u2640<\/strong><em> @maud.vil, mesure <strong>1m54<\/strong>\u00a0et porte une taille <strong>M<br \/>\n\u2642<\/strong> @turboplusultra, mesure <strong>1m78<\/strong> et porte une taille <strong>M<\/strong><strong><br \/>\n<\/strong><\/em><\/p>\n<ul>\n<li>Jersey simple, 100% coton biologique fil\u00e9 et peign\u00e9, Tissu lav\u00e9, <strong>200 GSM<\/strong><\/li>\n<li>Mounted sleeves<\/li>\n<li>Emmanchures redescendues<\/li>\n<li>Col haut en c\u00f4te 1&#215;1, surpiq\u00fbre simple<\/li>\n<li>Inside collar liner in the main material<\/li>\n<li>Surpiq\u00fbre double large en bas de manches et bas de corps<\/li>\n<\/ul>\n<p><img fetchpriority=\"high\" decoding=\"async\" class=\"alignnone wp-image-14548\" src=\"https:\/\/omny-lab.com\/wp-content\/uploads\/2024\/04\/tshirt-sheet-1-300x83.png\" alt=\"\" width=\"773\" height=\"214\" srcset=\"https:\/\/omny-lab.com\/wp-content\/uploads\/2024\/04\/tshirt-sheet-1-300x83.png 300w, https:\/\/omny-lab.com\/wp-content\/uploads\/2024\/04\/tshirt-sheet-1-1024x283.png 1024w, https:\/\/omny-lab.com\/wp-content\/uploads\/2024\/04\/tshirt-sheet-1-768x212.png 768w, https:\/\/omny-lab.com\/wp-content\/uploads\/2024\/04\/tshirt-sheet-1-1536x424.png 1536w, https:\/\/omny-lab.com\/wp-content\/uploads\/2024\/04\/tshirt-sheet-1-18x5.png 18w, https:\/\/omny-lab.com\/wp-content\/uploads\/2024\/04\/tshirt-sheet-1-600x166.png 600w, https:\/\/omny-lab.com\/wp-content\/uploads\/2024\/04\/tshirt-sheet-1-64x18.png 64w, https:\/\/omny-lab.com\/wp-content\/uploads\/2024\/04\/tshirt-sheet-1-190x52.png 190w, https:\/\/omny-lab.com\/wp-content\/uploads\/2024\/04\/tshirt-sheet-1-326x90.png 326w, https:\/\/omny-lab.com\/wp-content\/uploads\/2024\/04\/tshirt-sheet-1.png 1953w\" sizes=\"(max-width: 773px) 100vw, 773px\" \/><\/p>\n\n    <div class=\"xs_social_share_widget xs_share_url after_content \t\tmain_content  wslu-style-1 wslu-share-box-shaped wslu-fill-colored wslu-none wslu-share-horizontal wslu-theme-font-no wslu-main_content\">\n\n\t\t\n        <ul>\n\t\t\t        <\/ul>\n    <\/div>","protected":false},"excerpt":{"rendered":"<p>Nos mod\u00e8les : \u2640 @maud.vil, mesure 1m54\u00a0et porte une taille M \u2642 @turboplusultra, mesure 1m78 et porte une taille M Jersey simple, 100% coton biologique fil\u00e9 et peign\u00e9, Tissu lav\u00e9, 200 GSM Manches mont\u00e9es Emmanchures redescendues Col haut en c\u00f4te 1&#215;1, surpiq\u00fbre simple Bande de propret\u00e9 int\u00e9rieur col dans la mati\u00e8re principale Surpiq\u00fbre double large [&hellip;]<\/p>","protected":false},"featured_media":14780,"template":"","meta":{"_acf_changed":false},"product_cat":[25],"product_tag":[],"acf":[],"_links":{"self":[{"href":"https:\/\/omny-lab.com\/en\/wp-json\/wp\/v2\/product\/14811"}],"collection":[{"href":"https:\/\/omny-lab.com\/en\/wp-json\/wp\/v2\/product"}],"about":[{"href":"https:\/\/omny-lab.com\/en\/wp-json\/wp\/v2\/types\/product"}],"wp:featuredmedia":[{"embeddable":true,"href":"https:\/\/omny-lab.com\/en\/wp-json\/wp\/v2\/media\/14780"}],"wp:attachment":[{"href":"https:\/\/omny-lab.com\/en\/wp-json\/wp\/v2\/media?parent=14811"}],"wp:term":[{"taxonomy":"product_cat","embeddable":true,"href":"https:\/\/omny-lab.com\/en\/wp-json\/wp\/v2\/product_cat?post=14811"},{"taxonomy":"product_tag","embeddable":true,"href":"https:\/\/omny-lab.com\/en\/wp-json\/wp\/v2\/product_tag?post=14811"}],"curies":[{"name":"wp","href":"https:\/\/api.w.org\/{rel}","templated":true}]}}